{"id":14,"date":"2025-07-10T23:10:33","date_gmt":"2025-07-10T23:10:33","guid":{"rendered":"http:\/\/goatmerchandise.local\/?page_id=14"},"modified":"2025-09-13T14:35:08","modified_gmt":"2025-09-13T14:35:08","slug":"home","status":"publish","type":"page","link":"https:\/\/goat1.store\/fr\/","title":{"rendered":"Home"},"content":{"rendered":"\t\t<div data-elementor-type=\"wp-page\" data-elementor-id=\"14\" class=\"elementor elementor-14\" data-elementor-post-type=\"page\">\n\t\t\t\t<div class=\"elementor-element elementor-element-71a5331 elementor-hidden-mobile e-flex e-con-boxed e-con e-parent\" data-id=\"71a5331\" data-element_type=\"container\" data-e-type=\"container\" data-settings=\"{&quot;background_background&quot;:&quot;gradient&quot;}\">\n\t\t\t\t\t<div class=\"e-con-inner\">\n\t\t<div data-premium-element-link=\"{&quot;type&quot;:&quot;url&quot;,&quot;link&quot;:{&quot;url&quot;:&quot;https:\\\/\\\/goat1.store\\\/shop-1\\\/&quot;,&quot;is_external&quot;:&quot;&quot;,&quot;nofollow&quot;:&quot;&quot;,&quot;custom_attributes&quot;:&quot;&quot;},&quot;href&quot;:&quot;https:\\\/\\\/goat1.store\\\/shop-1\\\/&quot;}\" style=\"cursor: pointer\" class=\"elementor-element elementor-element-5341b86 e-con-full premium-wrapper-link-yes e-flex e-con e-child\" data-id=\"5341b86\" data-element_type=\"container\" data-e-type=\"container\" data-settings=\"{&quot;background_background&quot;:&quot;classic&quot;}\">\n\t\t\t\t<div class=\"elementor-element elementor-element-f2635c0 elementor-align-center elementor-widget elementor-widget-button\" data-id=\"f2635c0\" data-element_type=\"widget\" data-e-type=\"widget\" data-settings=\"{&quot;motion_fx_motion_fx_scrolling&quot;:&quot;yes&quot;,&quot;motion_fx_translateY_effect&quot;:&quot;yes&quot;,&quot;motion_fx_translateY_speed&quot;:{&quot;unit&quot;:&quot;px&quot;,&quot;size&quot;:1,&quot;sizes&quot;:[]},&quot;motion_fx_translateY_affectedRange&quot;:{&quot;unit&quot;:&quot;%&quot;,&quot;size&quot;:&quot;&quot;,&quot;sizes&quot;:{&quot;start&quot;:0,&quot;end&quot;:100}},&quot;motion_fx_devices&quot;:[&quot;desktop&quot;,&quot;tablet&quot;,&quot;mobile&quot;]}\" data-widget_type=\"button.default\">\n\t\t\t\t\t\t\t\t\t\t<a class=\"elementor-button elementor-button-link elementor-size-sm\" href=\"https:\/\/goat1.store\/shop-1\/\">\n\t\t\t\t\t\t<span class=\"elementor-button-content-wrapper\">\n\t\t\t\t\t\t\t\t\t<span class=\"elementor-button-text\">Shop Now<\/span>\n\t\t\t\t\t<\/span>\n\t\t\t\t\t<\/a>\n\t\t\t\t\t\t\t\t<\/div>\n\t\t\t\t<\/div>\n\t\t<div data-premium-element-link=\"{&quot;type&quot;:&quot;url&quot;,&quot;link&quot;:{&quot;url&quot;:&quot;https:\\\/\\\/goat1.store\\\/shop-2\\\/&quot;,&quot;is_external&quot;:&quot;&quot;,&quot;nofollow&quot;:&quot;&quot;,&quot;custom_attributes&quot;:&quot;&quot;},&quot;href&quot;:&quot;https:\\\/\\\/goat1.store\\\/shop-2\\\/&quot;}\" style=\"cursor: pointer\" class=\"elementor-element elementor-element-087293e e-con-full premium-wrapper-link-yes e-flex e-con e-child\" data-id=\"087293e\" data-element_type=\"container\" data-e-type=\"container\" data-settings=\"{&quot;background_background&quot;:&quot;classic&quot;}\">\n\t\t\t\t<div class=\"elementor-element elementor-element-377a62e elementor-align-center elementor-widget elementor-widget-button\" data-id=\"377a62e\" data-element_type=\"widget\" data-e-type=\"widget\" data-settings=\"{&quot;motion_fx_motion_fx_scrolling&quot;:&quot;yes&quot;,&quot;motion_fx_translateY_effect&quot;:&quot;yes&quot;,&quot;motion_fx_translateY_speed&quot;:{&quot;unit&quot;:&quot;px&quot;,&quot;size&quot;:1,&quot;sizes&quot;:[]},&quot;motion_fx_translateY_affectedRange&quot;:{&quot;unit&quot;:&quot;%&quot;,&quot;size&quot;:&quot;&quot;,&quot;sizes&quot;:{&quot;start&quot;:0,&quot;end&quot;:100}},&quot;motion_fx_devices&quot;:[&quot;desktop&quot;,&quot;tablet&quot;,&quot;mobile&quot;]}\" data-widget_type=\"button.default\">\n\t\t\t\t\t\t\t\t\t\t<a class=\"elementor-button elementor-button-link elementor-size-sm\" href=\"https:\/\/goat1.store\/shop-2\/\">\n\t\t\t\t\t\t<span class=\"elementor-button-content-wrapper\">\n\t\t\t\t\t\t\t\t\t<span class=\"elementor-button-text\">Shop Now<\/span>\n\t\t\t\t\t<\/span>\n\t\t\t\t\t<\/a>\n\t\t\t\t\t\t\t\t<\/div>\n\t\t\t\t<\/div>\n\t\t\t\t\t<\/div>\n\t\t\t\t<\/div>\n\t\t<div class=\"elementor-element elementor-element-d668655 elementor-hidden-desktop elementor-hidden-tablet e-flex e-con-boxed e-con e-parent\" data-id=\"d668655\" data-element_type=\"container\" data-e-type=\"container\" data-settings=\"{&quot;background_background&quot;:&quot;gradient&quot;}\">\n\t\t\t\t\t<div class=\"e-con-inner\">\n\t\t<div class=\"elementor-element elementor-element-86ab554 e-con-full e-flex e-con e-child\" data-id=\"86ab554\" data-element_type=\"container\" data-e-type=\"container\" data-settings=\"{&quot;background_background&quot;:&quot;classic&quot;}\">\n\t\t\t\t<div class=\"elementor-element elementor-element-221098f elementor-align-center elementor-widget elementor-widget-button\" data-id=\"221098f\" data-element_type=\"widget\" data-e-type=\"widget\" data-settings=\"{&quot;motion_fx_motion_fx_scrolling&quot;:&quot;yes&quot;,&quot;motion_fx_translateY_effect&quot;:&quot;yes&quot;,&quot;motion_fx_translateY_speed&quot;:{&quot;unit&quot;:&quot;px&quot;,&quot;size&quot;:0.5,&quot;sizes&quot;:[]},&quot;motion_fx_translateY_affectedRange&quot;:{&quot;unit&quot;:&quot;%&quot;,&quot;size&quot;:&quot;&quot;,&quot;sizes&quot;:{&quot;start&quot;:0,&quot;end&quot;:100}},&quot;motion_fx_devices&quot;:[&quot;desktop&quot;,&quot;tablet&quot;,&quot;mobile&quot;]}\" data-widget_type=\"button.default\">\n\t\t\t\t\t\t\t\t\t\t<a class=\"elementor-button elementor-button-link elementor-size-sm\" href=\"https:\/\/goat1.store\/shop-1\/\">\n\t\t\t\t\t\t<span class=\"elementor-button-content-wrapper\">\n\t\t\t\t\t\t\t\t\t<span class=\"elementor-button-text\">Shop Now<\/span>\n\t\t\t\t\t<\/span>\n\t\t\t\t\t<\/a>\n\t\t\t\t\t\t\t\t<\/div>\n\t\t\t\t<\/div>\n\t\t<div class=\"elementor-element elementor-element-c91b346 e-con-full elementor-hidden-desktop elementor-hidden-tablet e-flex e-con e-child\" data-id=\"c91b346\" data-element_type=\"container\" data-e-type=\"container\" data-settings=\"{&quot;background_background&quot;:&quot;classic&quot;}\">\n\t\t\t\t<div class=\"elementor-element elementor-element-37b1cb5 elementor-align-center elementor-hidden-desktop elementor-hidden-tablet elementor-widget elementor-widget-button\" data-id=\"37b1cb5\" data-element_type=\"widget\" data-e-type=\"widget\" data-settings=\"{&quot;motion_fx_motion_fx_scrolling&quot;:&quot;yes&quot;,&quot;motion_fx_translateY_effect&quot;:&quot;yes&quot;,&quot;motion_fx_translateY_speed&quot;:{&quot;unit&quot;:&quot;px&quot;,&quot;size&quot;:0.5,&quot;sizes&quot;:[]},&quot;motion_fx_translateY_affectedRange&quot;:{&quot;unit&quot;:&quot;%&quot;,&quot;size&quot;:&quot;&quot;,&quot;sizes&quot;:{&quot;start&quot;:0,&quot;end&quot;:100}},&quot;motion_fx_devices&quot;:[&quot;desktop&quot;,&quot;tablet&quot;,&quot;mobile&quot;]}\" data-widget_type=\"button.default\">\n\t\t\t\t\t\t\t\t\t\t<a class=\"elementor-button elementor-button-link elementor-size-sm\" href=\"https:\/\/goat1.store\/shop-2\/\">\n\t\t\t\t\t\t<span class=\"elementor-button-content-wrapper\">\n\t\t\t\t\t\t\t\t\t<span class=\"elementor-button-text\">Shop Now<\/span>\n\t\t\t\t\t<\/span>\n\t\t\t\t\t<\/a>\n\t\t\t\t\t\t\t\t<\/div>\n\t\t\t\t<\/div>\n\t\t\t\t\t<\/div>\n\t\t\t\t<\/div>\n\t\t\t\t<\/div>\n\t\t","protected":false},"excerpt":{"rendered":"<p>Shop Now Shop Now Shop Now Shop Now<\/p>","protected":false},"author":1,"featured_media":0,"parent":0,"menu_order":0,"comment_status":"closed","ping_status":"closed","template":"","meta":{"footnotes":""},"class_list":["post-14","page","type-page","status-publish","hentry"],"yoast_head":"<!-- This site is optimized with the Yoast SEO Premium plugin v25.4 (Yoast SEO v27.1.1) - https:\/\/yoast.com\/product\/yoast-seo-premium-wordpress\/ -->\n<title>Home - goat merchandise<\/title>\n<meta name=\"description\" content=\"GOAT \u2013 Boutique streetwear &amp; thrift. D\u00e9couvrez sacs, hoodies et accessoires uniques inspir\u00e9s de la culture urbaine. Shoppez votre style d\u00e8s maintenant !\" \/>\n<meta name=\"robots\" content=\"index, follow, max-snippet:-1, max-image-preview:large, max-video-preview:-1\" \/>\n<link rel=\"canonical\" href=\"https:\/\/goat1.store\/fr\/\" \/>\n<meta property=\"og:locale\" content=\"fr_FR\" \/>\n<meta property=\"og:type\" content=\"article\" \/>\n<meta property=\"og:title\" content=\"Home\" \/>\n<meta property=\"og:description\" content=\"GOAT \u2013 Boutique streetwear &amp; thrift. D\u00e9couvrez sacs, hoodies et accessoires uniques inspir\u00e9s de la culture urbaine. Shoppez votre style d\u00e8s maintenant !\" \/>\n<meta property=\"og:url\" content=\"https:\/\/goat1.store\/fr\/\" \/>\n<meta property=\"og:site_name\" content=\"goat merchandise\" \/>\n<meta property=\"article:modified_time\" content=\"2025-09-13T14:35:08+00:00\" \/>\n<meta property=\"og:image\" content=\"https:\/\/goat1.store\/wp-content\/uploads\/2025\/09\/Untitled-2.png\" \/>\n\t<meta property=\"og:image:width\" content=\"1536\" \/>\n\t<meta property=\"og:image:height\" content=\"1536\" \/>\n\t<meta property=\"og:image:type\" content=\"image\/png\" \/>\n<meta name=\"twitter:card\" content=\"summary_large_image\" \/>\n<meta name=\"twitter:label1\" content=\"Dur\u00e9e de lecture estim\u00e9e\" \/>\n\t<meta name=\"twitter:data1\" content=\"1 minute\" \/>\n<script type=\"application\/ld+json\" class=\"yoast-schema-graph\">{\"@context\":\"https:\/\/schema.org\",\"@graph\":[{\"@type\":\"WebPage\",\"@id\":\"https:\/\/goat1.store\/\",\"url\":\"https:\/\/goat1.store\/\",\"name\":\"Home - goat merchandise\",\"isPartOf\":{\"@id\":\"https:\/\/goat1.store\/#website\"},\"datePublished\":\"2025-07-10T23:10:33+00:00\",\"dateModified\":\"2025-09-13T14:35:08+00:00\",\"description\":\"GOAT \u2013 Boutique streetwear & thrift. D\u00e9couvrez sacs, hoodies et accessoires uniques inspir\u00e9s de la culture urbaine. Shoppez votre style d\u00e8s maintenant !\",\"breadcrumb\":{\"@id\":\"https:\/\/goat1.store\/#breadcrumb\"},\"inLanguage\":\"fr-FR\",\"potentialAction\":[{\"@type\":\"ReadAction\",\"target\":[\"https:\/\/goat1.store\/\"]}]},{\"@type\":\"BreadcrumbList\",\"@id\":\"https:\/\/goat1.store\/#breadcrumb\",\"itemListElement\":[{\"@type\":\"ListItem\",\"position\":1,\"name\":\"Home\",\"item\":\"https:\/\/goat1.store\/\"},{\"@type\":\"ListItem\",\"position\":2,\"name\":\"Home\"}]},{\"@type\":\"WebSite\",\"@id\":\"https:\/\/goat1.store\/#website\",\"url\":\"https:\/\/goat1.store\/\",\"name\":\"goat1.store\",\"description\":\"\",\"publisher\":{\"@id\":\"https:\/\/goat1.store\/#\/schema\/person\/5c1f0151940b8020a64001806741bfc7\"},\"potentialAction\":[{\"@type\":\"SearchAction\",\"target\":{\"@type\":\"EntryPoint\",\"urlTemplate\":\"https:\/\/goat1.store\/?s={search_term_string}\"},\"query-input\":{\"@type\":\"PropertyValueSpecification\",\"valueRequired\":true,\"valueName\":\"search_term_string\"}}],\"inLanguage\":\"fr-FR\"},{\"@type\":[\"Person\",\"Organization\"],\"@id\":\"https:\/\/goat1.store\/#\/schema\/person\/5c1f0151940b8020a64001806741bfc7\",\"name\":\"riad123\",\"image\":{\"@type\":\"ImageObject\",\"inLanguage\":\"fr-FR\",\"@id\":\"https:\/\/goat1.store\/#\/schema\/person\/image\/\",\"url\":\"https:\/\/goat1.store\/wp-content\/uploads\/2025\/09\/Untitled-2.png\",\"contentUrl\":\"https:\/\/goat1.store\/wp-content\/uploads\/2025\/09\/Untitled-2.png\",\"width\":1536,\"height\":1536,\"caption\":\"riad123\"},\"logo\":{\"@id\":\"https:\/\/goat1.store\/#\/schema\/person\/image\/\"}}]}<\/script>\n<!-- \/ Yoast SEO Premium plugin. -->","yoast_head_json":{"title":"Home - goat merchandise","description":"GOAT \u2013 Boutique streetwear & thrift. D\u00e9couvrez sacs, hoodies et accessoires uniques inspir\u00e9s de la culture urbaine. Shoppez votre style d\u00e8s maintenant !","robots":{"index":"index","follow":"follow","max-snippet":"max-snippet:-1","max-image-preview":"max-image-preview:large","max-video-preview":"max-video-preview:-1"},"canonical":"https:\/\/goat1.store\/fr\/","og_locale":"fr_FR","og_type":"article","og_title":"Home","og_description":"GOAT \u2013 Boutique streetwear & thrift. D\u00e9couvrez sacs, hoodies et accessoires uniques inspir\u00e9s de la culture urbaine. Shoppez votre style d\u00e8s maintenant !","og_url":"https:\/\/goat1.store\/fr\/","og_site_name":"goat merchandise","article_modified_time":"2025-09-13T14:35:08+00:00","og_image":[{"width":1536,"height":1536,"url":"https:\/\/goat1.store\/wp-content\/uploads\/2025\/09\/Untitled-2.png","type":"image\/png"}],"twitter_card":"summary_large_image","twitter_misc":{"Dur\u00e9e de lecture estim\u00e9e":"1 minute"},"schema":{"@context":"https:\/\/schema.org","@graph":[{"@type":"WebPage","@id":"https:\/\/goat1.store\/","url":"https:\/\/goat1.store\/","name":"Home - goat merchandise","isPartOf":{"@id":"https:\/\/goat1.store\/#website"},"datePublished":"2025-07-10T23:10:33+00:00","dateModified":"2025-09-13T14:35:08+00:00","description":"GOAT \u2013 Boutique streetwear & thrift. D\u00e9couvrez sacs, hoodies et accessoires uniques inspir\u00e9s de la culture urbaine. Shoppez votre style d\u00e8s maintenant !","breadcrumb":{"@id":"https:\/\/goat1.store\/#breadcrumb"},"inLanguage":"fr-FR","potentialAction":[{"@type":"ReadAction","target":["https:\/\/goat1.store\/"]}]},{"@type":"BreadcrumbList","@id":"https:\/\/goat1.store\/#breadcrumb","itemListElement":[{"@type":"ListItem","position":1,"name":"Home","item":"https:\/\/goat1.store\/"},{"@type":"ListItem","position":2,"name":"Home"}]},{"@type":"WebSite","@id":"https:\/\/goat1.store\/#website","url":"https:\/\/goat1.store\/","name":"goat1.store","description":"","publisher":{"@id":"https:\/\/goat1.store\/#\/schema\/person\/5c1f0151940b8020a64001806741bfc7"},"potentialAction":[{"@type":"SearchAction","target":{"@type":"EntryPoint","urlTemplate":"https:\/\/goat1.store\/?s={search_term_string}"},"query-input":{"@type":"PropertyValueSpecification","valueRequired":true,"valueName":"search_term_string"}}],"inLanguage":"fr-FR"},{"@type":["Person","Organization"],"@id":"https:\/\/goat1.store\/#\/schema\/person\/5c1f0151940b8020a64001806741bfc7","name":"riad123","image":{"@type":"ImageObject","inLanguage":"fr-FR","@id":"https:\/\/goat1.store\/#\/schema\/person\/image\/","url":"https:\/\/goat1.store\/wp-content\/uploads\/2025\/09\/Untitled-2.png","contentUrl":"https:\/\/goat1.store\/wp-content\/uploads\/2025\/09\/Untitled-2.png","width":1536,"height":1536,"caption":"riad123"},"logo":{"@id":"https:\/\/goat1.store\/#\/schema\/person\/image\/"}}]}},"_links":{"self":[{"href":"https:\/\/goat1.store\/fr\/wp-json\/wp\/v2\/pages\/14","targetHints":{"allow":["GET"]}}],"collection":[{"href":"https:\/\/goat1.store\/fr\/wp-json\/wp\/v2\/pages"}],"about":[{"href":"https:\/\/goat1.store\/fr\/wp-json\/wp\/v2\/types\/page"}],"author":[{"embeddable":true,"href":"https:\/\/goat1.store\/fr\/wp-json\/wp\/v2\/users\/1"}],"replies":[{"embeddable":true,"href":"https:\/\/goat1.store\/fr\/wp-json\/wp\/v2\/comments?post=14"}],"version-history":[{"count":127,"href":"https:\/\/goat1.store\/fr\/wp-json\/wp\/v2\/pages\/14\/revisions"}],"predecessor-version":[{"id":1216,"href":"https:\/\/goat1.store\/fr\/wp-json\/wp\/v2\/pages\/14\/revisions\/1216"}],"wp:attachment":[{"href":"https:\/\/goat1.store\/fr\/wp-json\/wp\/v2\/media?parent=14"}],"curies":[{"name":"wp","href":"https:\/\/api.w.org\/{rel}","templated":true}]}}